{"id":25739,"date":"2024-01-11T11:29:11","date_gmt":"2024-01-11T11:29:11","guid":{"rendered":"https:\/\/arba-public-website-wordpress-production.up.railway.app\/sider\/form-moderne\/"},"modified":"2025-02-27T19:10:11","modified_gmt":"2025-02-27T19:10:11","slug":"form-moderne","status":"publish","type":"page","link":"https:\/\/arbasecurity.com\/da\/sider\/form-moderne\/","title":{"rendered":"Form Moderne"},"content":{"rendered":"\t\t<div data-elementor-type=\"wp-page\" data-elementor-id=\"25739\" class=\"elementor elementor-25739 elementor-11304\">\n\t\t\t\t<div class=\"elementor-element elementor-element-8e1dc39 e-flex e-con-boxed e-con e-parent\" data-id=\"8e1dc39\" data-element_type=\"container\" data-settings=\"{&quot;background_background&quot;:&quot;classic&quot;}\">\n\t\t\t\t\t<div class=\"e-con-inner\">\n\t\t<div class=\"elementor-element elementor-element-7789897 e-con-full e-flex e-con e-child\" data-id=\"7789897\" data-element_type=\"container\">\n\t\t\t\t<div class=\"elementor-element elementor-element-2c4af3a animated-fast elementor-invisible elementor-widget elementor-widget-elementskit-heading\" data-id=\"2c4af3a\" data-element_type=\"widget\" data-settings=\"{&quot;ekit_we_effect_on&quot;:&quot;css&quot;,&quot;_animation&quot;:&quot;fadeIn&quot;,&quot;_animation_delay&quot;:100}\" data-widget_type=\"elementskit-heading.default\">\n\t\t\t\t<div class=\"elementor-widget-container\">\n\t\t\t\t\t<div class=\"ekit-wid-con\" ><div class=\"ekit-heading elementskit-section-title-wraper text_center   ekit_heading_tablet-   ekit_heading_mobile-\"><h1 class=\"ekit-heading--title elementskit-section-title \">Anmod om et tilbud<\/h1>\t\t\t\t<div class='ekit-heading__description'>\n\t\t\t\t\t<p>Du er velkommen til at kontakte os ved hj\u00e6lp af nedenst\u00e5ende muligheder, og vores dedikerede team vil svare p\u00e5 dine foresp\u00f8rgsler med det samme.<\/p>\n\t\t\t\t<\/div>\n\t\t\t<\/div><\/div>\t\t\t\t<\/div>\n\t\t\t\t<\/div>\n\t\t\t\t<div class=\"elementor-element elementor-element-a2fb7df animated-fast elementor-invisible elementor-widget elementor-widget-elementskit-breadcrumb\" data-id=\"a2fb7df\" data-element_type=\"widget\" data-settings=\"{&quot;_animation&quot;:&quot;fadeIn&quot;,&quot;_animation_delay&quot;:100,&quot;ekit_we_effect_on&quot;:&quot;none&quot;}\" data-widget_type=\"elementskit-breadcrumb.default\">\n\t\t\t\t<div class=\"elementor-widget-container\">\n\t\t\t\t\t<div class=\"ekit-wid-con\" ><ol class=\"ekit-breadcrumb\"><li class=\"ekit_breadcrumbs_start\"><a href=\"https:\/\/arbasecurity.com\/da\/\">Home<\/a><\/li><\/ol><\/div>\t\t\t\t<\/div>\n\t\t\t\t<\/div>\n\t\t\t\t<\/div>\n\t\t\t\t\t<\/div>\n\t\t\t\t<\/div>\n\t\t<div class=\"elementor-element elementor-element-3ceb0b8 e-flex e-con-boxed e-con e-parent\" data-id=\"3ceb0b8\" data-element_type=\"container\" data-settings=\"{&quot;background_background&quot;:&quot;gradient&quot;}\">\n\t\t\t\t\t<div class=\"e-con-inner\">\n\t\t<div class=\"elementor-element elementor-element-7f4af23 e-con-full e-flex e-con e-child\" data-id=\"7f4af23\" data-element_type=\"container\">\n\t\t<div class=\"elementor-element elementor-element-bcbf9bf e-con-full animated-fast e-flex elementor-invisible e-con e-child\" data-id=\"bcbf9bf\" data-element_type=\"container\" data-settings=\"{&quot;background_background&quot;:&quot;classic&quot;,&quot;animation&quot;:&quot;fadeInUp&quot;,&quot;animation_delay&quot;:100}\">\n\t\t<div class=\"elementor-element elementor-element-1b80b7b e-con-full e-flex e-con e-child\" data-id=\"1b80b7b\" data-element_type=\"container\" data-settings=\"{&quot;background_background&quot;:&quot;classic&quot;}\">\n\t\t\t\t<div class=\"elementor-element elementor-element-d233e0e animated-fast elementor-invisible elementor-widget elementor-widget-elementskit-heading\" data-id=\"d233e0e\" data-element_type=\"widget\" data-settings=\"{&quot;_animation&quot;:&quot;fadeIn&quot;,&quot;_animation_delay&quot;:100,&quot;ekit_we_effect_on&quot;:&quot;css&quot;}\" data-widget_type=\"elementskit-heading.default\">\n\t\t\t\t<div class=\"elementor-widget-container\">\n\t\t\t\t\t<div class=\"ekit-wid-con\" ><div class=\"ekit-heading elementskit-section-title-wraper text_left   ekit_heading_tablet-   ekit_heading_mobile-\"><h3 class=\"ekit-heading--title elementskit-section-title \">T\u00f8v ikke med at tage kontakt. Vi vil med gl\u00e6de svare<\/h3>\t\t\t\t<div class='ekit-heading__description'>\n\t\t\t\t\t<p>Udfyld formularen, og opdag dine muligheder gratis.<\/p>\n\t\t\t\t<\/div>\n\t\t\t<\/div><\/div>\t\t\t\t<\/div>\n\t\t\t\t<\/div>\n\t\t\t\t<div class=\"elementor-element elementor-element-af34c2c keydesign-h5 animated-fast elementor-invisible elementor-widget elementor-widget-elementskit-stylish-list\" data-id=\"af34c2c\" data-element_type=\"widget\" data-settings=\"{&quot;_animation&quot;:&quot;fadeInUp&quot;,&quot;_animation_delay&quot;:200,&quot;ekit_we_effect_on&quot;:&quot;none&quot;}\" data-widget_type=\"elementskit-stylish-list.default\">\n\t\t\t\t<div class=\"elementor-widget-container\">\n\t\t\t\t\t<div class=\"ekit-wid-con\">\t\t<ul class=\"ekit-stylish-list \" >\n\t\t\t\t\t\t\t<li class=\"ekit-stylish-list-content-wrapper elementor-repeater-item-9176c3a\" >\n\t\t\t\t\t\t\t\t\t\t<div class=\"ekit-stylish-list-content\">\n\t\t\t\t\t\t\t\t\t\t\t\t\t\t\t\t\t\t\t<div class=\"ekit-stylish-list-content-icon\">\t\t\t\n\t\t\t\t\t\t\t\t<i aria-hidden=\"true\" class=\"fas fa-arrow-right\"><\/i>\t\t\t\n\t\t\t\t\t\t\t<\/div>\n\t\t\t\t\t\t\t\t\t\t\t\t\t\t\t\t\t\t<div class=\"ekit-stylish-list-content-text\">\n\t\t\t\t\t\t\t<span class=\"ekit-stylish-list-content-title\">1. Indsendelse af foresp\u00f8rgsel<\/span>\n\t\t\t\t\t\t\t\t\t\t\t\t\t\t\t<span class=\"ekit-stylish-list-content-description\">Indsend din foresp\u00f8rgsel p\u00e5 tilbud.<\/span>\n\t\t\t\t\t\t\t\t\t\t\t\t\t<\/div>\n\t\t\t\t\t\t\t\t\t\t\t<\/div>\n\t\t\t\t\t\n\t\t\t\t<\/li>\n\t\t\t\t\t\t\t\t\t\t\t<li class=\"ekit-stylish-list-content-wrapper elementor-repeater-item-e2f9dd2\" >\n\t\t\t\t\t\t\t\t\t\t<div class=\"ekit-stylish-list-content\">\n\t\t\t\t\t\t\t\t\t\t\t\t\t\t\t\t\t\t\t<div class=\"ekit-stylish-list-content-icon\">\t\t\t\n\t\t\t\t\t\t\t\t<i aria-hidden=\"true\" class=\"fas fa-arrow-right\"><\/i>\t\t\t\n\t\t\t\t\t\t\t<\/div>\n\t\t\t\t\t\t\t\t\t\t\t\t\t\t\t\t\t\t<div class=\"ekit-stylish-list-content-text\">\n\t\t\t\t\t\t\t<span class=\"ekit-stylish-list-content-title\">2. Evaluering af data<\/span>\n\t\t\t\t\t\t\t\t\t\t\t\t\t\t\t<span class=\"ekit-stylish-list-content-description\">Vi gennemg\u00e5r dine oplysninger.<\/span>\n\t\t\t\t\t\t\t\t\t\t\t\t\t<\/div>\n\t\t\t\t\t\t\t\t\t\t\t<\/div>\n\t\t\t\t\t\n\t\t\t\t<\/li>\n\t\t\t\t\t\t\t\t\t\t\t<li class=\"ekit-stylish-list-content-wrapper elementor-repeater-item-208b9fe\" >\n\t\t\t\t\t\t\t\t\t\t<div class=\"ekit-stylish-list-content\">\n\t\t\t\t\t\t\t\t\t\t\t\t\t\t\t\t\t\t\t<div class=\"ekit-stylish-list-content-icon\">\t\t\t\n\t\t\t\t\t\t\t\t<i aria-hidden=\"true\" class=\"fas fa-arrow-right\"><\/i>\t\t\t\n\t\t\t\t\t\t\t<\/div>\n\t\t\t\t\t\t\t\t\t\t\t\t\t\t\t\t\t\t<div class=\"ekit-stylish-list-content-text\">\n\t\t\t\t\t\t\t<span class=\"ekit-stylish-list-content-title\">3. Personlige forslag<\/span>\n\t\t\t\t\t\t\t\t\t\t\t\t\t\t\t<span class=\"ekit-stylish-list-content-description\">Vi genererer et tilpasset tilbud.<\/span>\n\t\t\t\t\t\t\t\t\t\t\t\t\t<\/div>\n\t\t\t\t\t\t\t\t\t\t\t<\/div>\n\t\t\t\t\t\n\t\t\t\t<\/li>\n\t\t\t\t\t\t\t\t\t\t\t<li class=\"ekit-stylish-list-content-wrapper elementor-repeater-item-3eecc8a\" >\n\t\t\t\t\t\t\t\t\t\t<div class=\"ekit-stylish-list-content\">\n\t\t\t\t\t\t\t\t\t\t\t\t\t\t\t\t\t\t\t<div class=\"ekit-stylish-list-content-icon\">\t\t\t\n\t\t\t\t\t\t\t\t<i aria-hidden=\"true\" class=\"fas fa-arrow-right\"><\/i>\t\t\t\n\t\t\t\t\t\t\t<\/div>\n\t\t\t\t\t\t\t\t\t\t\t\t\t\t\t\t\t\t<div class=\"ekit-stylish-list-content-text\">\n\t\t\t\t\t\t\t<span class=\"ekit-stylish-list-content-title\">4. Levering af tilbud<\/span>\n\t\t\t\t\t\t\t\t\t\t\t\t\t\t\t<span class=\"ekit-stylish-list-content-description\">Modtag dine tilbud via e-mail.<\/span>\n\t\t\t\t\t\t\t\t\t\t\t\t\t<\/div>\n\t\t\t\t\t\t\t\t\t\t\t<\/div>\n\t\t\t\t\t\n\t\t\t\t<\/li>\n\t\t\t\t\t\t\t\t\t\t\t<li class=\"ekit-stylish-list-content-wrapper elementor-repeater-item-5ebbba2\" >\n\t\t\t\t\t\t\t\t\t\t<div class=\"ekit-stylish-list-content\">\n\t\t\t\t\t\t\t\t\t\t\t\t\t\t\t\t\t\t\t<div class=\"ekit-stylish-list-content-icon\">\t\t\t\n\t\t\t\t\t\t\t\t<i aria-hidden=\"true\" class=\"fas fa-arrow-right\"><\/i>\t\t\t\n\t\t\t\t\t\t\t<\/div>\n\t\t\t\t\t\t\t\t\t\t\t\t\t\t\t\t\t\t<div class=\"ekit-stylish-list-content-text\">\n\t\t\t\t\t\t\t<span class=\"ekit-stylish-list-content-title\">5. Opf\u00f8lgning<\/span>\n\t\t\t\t\t\t\t\t\t\t\t\t\t\t\t<span class=\"ekit-stylish-list-content-description\">F\u00e5 hj\u00e6lp til dine sp\u00f8rgsm\u00e5l.<\/span>\n\t\t\t\t\t\t\t\t\t\t\t\t\t<\/div>\n\t\t\t\t\t\t\t\t\t\t\t<\/div>\n\t\t\t\t\t\n\t\t\t\t<\/li>\n\t\t\t\t\t\t\t\t\t<\/ul>\n\t<\/div>\t\t\t\t<\/div>\n\t\t\t\t<\/div>\n\t\t\t\t<\/div>\n\t\t<div class=\"elementor-element elementor-element-df74894 e-con-full e-flex e-con e-child\" data-id=\"df74894\" data-element_type=\"container\" data-settings=\"{&quot;background_background&quot;:&quot;classic&quot;}\">\n\t\t\t\t<div class=\"elementor-element elementor-element-b221a18 animated-fast elementor-invisible elementor-widget elementor-widget-elementskit-contact-form7\" data-id=\"b221a18\" data-element_type=\"widget\" data-settings=\"{&quot;_animation&quot;:&quot;fadeIn&quot;,&quot;_animation_delay&quot;:300,&quot;ekit_we_effect_on&quot;:&quot;none&quot;}\" data-widget_type=\"elementskit-contact-form7.default\">\n\t\t\t\t<div class=\"elementor-widget-container\">\n\t\t\t\t\t<div class=\"ekit-wid-con\" ><div class=\"ekit-form\">\n<div class=\"wpcf7 no-js\" id=\"wpcf7-f23453-o1\" lang=\"en-US\" dir=\"ltr\" data-wpcf7-id=\"23453\">\n<div class=\"screen-reader-response\"><p role=\"status\" aria-live=\"polite\" aria-atomic=\"true\"><\/p> <ul><\/ul><\/div>\n<form action=\"\/da\/wp-json\/wp\/v2\/pages\/25739#wpcf7-f23453-o1\" method=\"post\" class=\"wpcf7-form init\" aria-label=\"Contact form\" novalidate=\"novalidate\" data-status=\"init\">\n<div style=\"display: none;\">\n<input type=\"hidden\" name=\"_wpcf7\" value=\"23453\" \/>\n<input type=\"hidden\" name=\"_wpcf7_version\" value=\"6.0.3\" \/>\n<input type=\"hidden\" name=\"_wpcf7_locale\" value=\"en_US\" \/>\n<input type=\"hidden\" name=\"_wpcf7_unit_tag\" value=\"wpcf7-f23453-o1\" \/>\n<input type=\"hidden\" name=\"_wpcf7_container_post\" value=\"0\" \/>\n<input type=\"hidden\" name=\"_wpcf7_posted_data_hash\" value=\"\" \/>\n<\/div>\n<h5 class=\"form-title\">Contact details\n<\/h5>\n<div class=\"keydesign-label\">\n\t<p><label>Your name *<\/label><span class=\"wpcf7-form-control-wrap\" data-name=\"your-name\"><input size=\"40\" maxlength=\"400\" class=\"wpcf7-form-control wpcf7-text wpcf7-validates-as-required\" autocomplete=\"name\" aria-required=\"true\" aria-invalid=\"false\" value=\"\" type=\"text\" name=\"your-name\" \/><\/span>\n\t<\/p>\n<\/div>\n<div class=\"keydesign-label\">\n\t<p><label>Phone number *<\/label><span class=\"wpcf7-form-control-wrap\" data-name=\"phone-number\"><input size=\"40\" maxlength=\"400\" class=\"wpcf7-form-control wpcf7-tel wpcf7-validates-as-required wpcf7-text wpcf7-validates-as-tel\" autocomplete=\"tel\" aria-required=\"true\" aria-invalid=\"false\" value=\"\" type=\"tel\" name=\"phone-number\" \/><\/span>\n\t<\/p>\n<\/div>\n<div class=\"keydesign-label\">\n\t<p><label>Email address *<\/label><span class=\"wpcf7-form-control-wrap\" data-name=\"email-address\"><input size=\"40\" maxlength=\"400\" class=\"wpcf7-form-control wpcf7-email wpcf7-validates-as-required wpcf7-text wpcf7-validates-as-email\" autocomplete=\"email\" aria-required=\"true\" aria-invalid=\"false\" value=\"\" type=\"email\" name=\"email-address\" \/><\/span>\n\t<\/p>\n<\/div>\n<h5 class=\"form-title\">How can we help?\n<\/h5>\n<p><span class=\"wpcf7-form-control-wrap\" data-name=\"help-checkboxes\"><span class=\"wpcf7-form-control wpcf7-checkbox\"><span class=\"wpcf7-list-item first\"><label><input type=\"checkbox\" name=\"help-checkboxes[]\" value=\"General enquiry\" \/><span class=\"wpcf7-list-item-label\">General enquiry<\/span><\/label><\/span><span class=\"wpcf7-list-item\"><label><input type=\"checkbox\" name=\"help-checkboxes[]\" value=\"Billing and subscriptions\" \/><span class=\"wpcf7-list-item-label\">Billing and subscriptions<\/span><\/label><\/span><span class=\"wpcf7-list-item\"><label><input type=\"checkbox\" name=\"help-checkboxes[]\" value=\"Corporate information\" \/><span class=\"wpcf7-list-item-label\">Corporate information<\/span><\/label><\/span><span class=\"wpcf7-list-item\"><label><input type=\"checkbox\" name=\"help-checkboxes[]\" value=\"Security concern\" \/><span class=\"wpcf7-list-item-label\">Security concern<\/span><\/label><\/span><span class=\"wpcf7-list-item last\"><label><input type=\"checkbox\" name=\"help-checkboxes[]\" value=\"Other\" \/><span class=\"wpcf7-list-item-label\">Other<\/span><\/label><\/span><\/span><\/span>\n<\/p>\n<h5 class=\"form-title\">Additional information (optional)\n<\/h5>\n<div class=\"keydesign-label\">\n\t<p><label>Anything else you would like us to know?<\/label><span class=\"wpcf7-form-control-wrap\" data-name=\"your-message\"><textarea cols=\"40\" rows=\"10\" maxlength=\"2000\" class=\"wpcf7-form-control wpcf7-textarea\" aria-invalid=\"false\" name=\"your-message\"><\/textarea><\/span>\n\t<\/p>\n<\/div>\n<p><span class=\"wpcf7-form-control-wrap\" data-name=\"your-consent\"><span class=\"wpcf7-form-control wpcf7-acceptance\"><span class=\"wpcf7-list-item\"><label><input type=\"checkbox\" name=\"your-consent\" value=\"1\" aria-invalid=\"false\" \/><span class=\"wpcf7-list-item-label\">I understand and agree to the <a href=\"#\" target=\"_blank\">privacy policy<\/a>.<\/span><\/label><\/span><\/span><\/span>\n<\/p>\n<p><input class=\"wpcf7-form-control wpcf7-submit has-spinner\" type=\"submit\" value=\"Submit request\" \/>\n<\/p><div class=\"wpcf7-response-output\" aria-hidden=\"true\"><\/div>\n<\/form>\n<\/div>\n<\/div><\/div>\t\t\t\t<\/div>\n\t\t\t\t<\/div>\n\t\t\t\t<\/div>\n\t\t\t\t<\/div>\n\t\t\t\t<\/div>\n\t\t\t\t\t<\/div>\n\t\t\t\t<\/div>\n\t\t<div class=\"elementor-element elementor-element-89fbe68 e-flex e-con-boxed e-con e-parent\" data-id=\"89fbe68\" data-element_type=\"container\" data-settings=\"{&quot;background_background&quot;:&quot;classic&quot;}\">\n\t\t\t\t\t<div class=\"e-con-inner\">\n\t\t<div class=\"elementor-element elementor-element-3f2d279 e-con-full e-flex e-con e-child\" data-id=\"3f2d279\" data-element_type=\"container\">\n\t\t\t\t<div class=\"elementor-element elementor-element-c57bbae animated-fast elementor-invisible elementor-widget elementor-widget-elementskit-heading\" data-id=\"c57bbae\" data-element_type=\"widget\" data-settings=\"{&quot;_animation&quot;:&quot;fadeIn&quot;,&quot;_animation_delay&quot;:100,&quot;ekit_we_effect_on&quot;:&quot;css&quot;}\" data-widget_type=\"elementskit-heading.default\">\n\t\t\t\t<div class=\"elementor-widget-container\">\n\t\t\t\t\t<div class=\"ekit-wid-con\" ><div class=\"ekit-heading elementskit-section-title-wraper text_center   ekit_heading_tablet-   ekit_heading_mobile-text_left\"><h6 class=\"elementskit-section-subtitle   ekit-heading__subtitle-has-border\">\n\t\t\t\t\t\tBegynd i dag\n\t\t\t\t\t<\/h6><h2 class=\"ekit-heading--title elementskit-section-title \">Er du klar til at komme i gang?<br>  Tag det n\u00e6ste skridt<\/h2>\t\t\t\t<div class='ekit-heading__description'>\n\t\t\t\t\t<p>Oplev uovertruffen service, avanceret teknologi og dedikeret support.<\/p>\n\t\t\t\t<\/div>\n\t\t\t<\/div><\/div>\t\t\t\t<\/div>\n\t\t\t\t<\/div>\n\t\t<div class=\"elementor-element elementor-element-c411aa7 e-flex e-con-boxed e-con e-child\" data-id=\"c411aa7\" data-element_type=\"container\">\n\t\t\t\t\t<div class=\"e-con-inner\">\n\t\t\t\t<div class=\"elementor-element elementor-element-125f482 elementor-align-left animated-fast elementor-invisible elementor-widget elementor-widget-elementskit-button\" data-id=\"125f482\" data-element_type=\"widget\" data-settings=\"{&quot;_animation&quot;:&quot;pulse&quot;,&quot;_animation_delay&quot;:200,&quot;ekit_we_effect_on&quot;:&quot;none&quot;}\" data-widget_type=\"elementskit-button.default\">\n\t\t\t\t<div class=\"elementor-widget-container\">\n\t\t\t\t\t<div class=\"ekit-wid-con\" >\t\t<div class=\"ekit-btn-wraper\">\n\t\t\t\t\t\t\t<a href=\"#\" class=\"elementskit-btn  whitespace--normal\" id=\"\">\n\t\t\t\t\tKom i gang nu\t\t\t\t<\/a>\n\t\t\t\t\t<\/div>\n        <\/div>\t\t\t\t<\/div>\n\t\t\t\t<\/div>\n\t\t\t\t\t<\/div>\n\t\t\t\t<\/div>\n\t\t\t\t<\/div>\n\t\t\t\t\t<\/div>\n\t\t\t\t<\/div>\n\t\t\t\t<\/div>\n\t\t","protected":false},"excerpt":{"rendered":"<p>Anmod om et tilbud Du er velkommen til at kontakte os ved hj\u00e6lp af nedenst\u00e5ende muligheder, og vores dedikerede team vil svare p\u00e5 dine foresp\u00f8rgsler med det samme. Home T\u00f8v ikke med at tage kontakt. Vi vil med gl\u00e6de svare Udfyld formularen, og opdag dine muligheder gratis. 1. Indsendelse af foresp\u00f8rgsel Indsend din foresp\u00f8rgsel p\u00e5 [&hellip;]<\/p>\n","protected":false},"author":1,"featured_media":0,"parent":25734,"menu_order":0,"comment_status":"closed","ping_status":"closed","template":"","meta":{"footnotes":""},"class_list":["post-25739","page","type-page","status-publish","hentry"],"yoast_head":"<!-- This site is optimized with the Yoast SEO plugin v24.4 - https:\/\/yoast.com\/wordpress\/plugins\/seo\/ -->\n<title>Form Moderne - Arba Security<\/title>\n<meta name=\"robots\" content=\"index, follow, max-snippet:-1, max-image-preview:large, max-video-preview:-1\" \/>\n<link rel=\"canonical\" href=\"https:\/\/arbasecurity.com\/da\/sider\/form-moderne\/\" \/>\n<meta property=\"og:locale\" content=\"da_DK\" \/>\n<meta property=\"og:type\" content=\"article\" \/>\n<meta property=\"og:title\" content=\"Form Moderne - Arba Security\" \/>\n<meta property=\"og:description\" content=\"Anmod om et tilbud Du er velkommen til at kontakte os ved hj\u00e6lp af nedenst\u00e5ende muligheder, og vores dedikerede team vil svare p\u00e5 dine foresp\u00f8rgsler med det samme. Home T\u00f8v ikke med at tage kontakt. Vi vil med gl\u00e6de svare Udfyld formularen, og opdag dine muligheder gratis. 1. Indsendelse af foresp\u00f8rgsel Indsend din foresp\u00f8rgsel p\u00e5 [&hellip;]\" \/>\n<meta property=\"og:url\" content=\"https:\/\/arbasecurity.com\/da\/sider\/form-moderne\/\" \/>\n<meta property=\"og:site_name\" content=\"Arba Security\" \/>\n<meta property=\"article:modified_time\" content=\"2025-02-27T19:10:11+00:00\" \/>\n<meta name=\"twitter:card\" content=\"summary_large_image\" \/>\n<meta name=\"twitter:label1\" content=\"Estimeret l\u00e6setid\" \/>\n\t<meta name=\"twitter:data1\" content=\"1 minut\" \/>\n<script type=\"application\/ld+json\" class=\"yoast-schema-graph\">{\"@context\":\"https:\/\/schema.org\",\"@graph\":[{\"@type\":\"WebPage\",\"@id\":\"https:\/\/arbasecurity.com\/da\/sider\/form-moderne\/\",\"url\":\"https:\/\/arbasecurity.com\/da\/sider\/form-moderne\/\",\"name\":\"Form Moderne - Arba Security\",\"isPartOf\":{\"@id\":\"https:\/\/34.244.239.21\/#website\"},\"datePublished\":\"2024-01-11T11:29:11+00:00\",\"dateModified\":\"2025-02-27T19:10:11+00:00\",\"breadcrumb\":{\"@id\":\"https:\/\/arbasecurity.com\/da\/sider\/form-moderne\/#breadcrumb\"},\"inLanguage\":\"da-DK\",\"potentialAction\":[{\"@type\":\"ReadAction\",\"target\":[\"https:\/\/arbasecurity.com\/da\/sider\/form-moderne\/\"]}]},{\"@type\":\"BreadcrumbList\",\"@id\":\"https:\/\/arbasecurity.com\/da\/sider\/form-moderne\/#breadcrumb\",\"itemListElement\":[{\"@type\":\"ListItem\",\"position\":1,\"name\":\"Home\",\"item\":\"https:\/\/arbasecurity.com\/da\/\"},{\"@type\":\"ListItem\",\"position\":2,\"name\":\"Sider\",\"item\":\"https:\/\/arbasecurity.com\/da\/sider\/\"},{\"@type\":\"ListItem\",\"position\":3,\"name\":\"Form Moderne\"}]},{\"@type\":\"WebSite\",\"@id\":\"https:\/\/34.244.239.21\/#website\",\"url\":\"https:\/\/34.244.239.21\/\",\"name\":\"Arba Security\",\"description\":\"\",\"publisher\":{\"@id\":\"https:\/\/34.244.239.21\/#organization\"},\"potentialAction\":[{\"@type\":\"SearchAction\",\"target\":{\"@type\":\"EntryPoint\",\"urlTemplate\":\"https:\/\/34.244.239.21\/?s={search_term_string}\"},\"query-input\":{\"@type\":\"PropertyValueSpecification\",\"valueRequired\":true,\"valueName\":\"search_term_string\"}}],\"inLanguage\":\"da-DK\"},{\"@type\":\"Organization\",\"@id\":\"https:\/\/34.244.239.21\/#organization\",\"name\":\"Arba Security\",\"url\":\"https:\/\/34.244.239.21\/\",\"logo\":{\"@type\":\"ImageObject\",\"inLanguage\":\"da-DK\",\"@id\":\"https:\/\/34.244.239.21\/#\/schema\/logo\/image\/\",\"url\":\"https:\/\/arbasecurity.com\/wp-content\/uploads\/2023\/11\/site-logo.png\",\"contentUrl\":\"https:\/\/arbasecurity.com\/wp-content\/uploads\/2023\/11\/site-logo.png\",\"width\":350,\"height\":121,\"caption\":\"Arba Security\"},\"image\":{\"@id\":\"https:\/\/34.244.239.21\/#\/schema\/logo\/image\/\"}}]}<\/script>\n<!-- \/ Yoast SEO plugin. -->","yoast_head_json":{"title":"Form Moderne - Arba Security","robots":{"index":"index","follow":"follow","max-snippet":"max-snippet:-1","max-image-preview":"max-image-preview:large","max-video-preview":"max-video-preview:-1"},"canonical":"https:\/\/arbasecurity.com\/da\/sider\/form-moderne\/","og_locale":"da_DK","og_type":"article","og_title":"Form Moderne - Arba Security","og_description":"Anmod om et tilbud Du er velkommen til at kontakte os ved hj\u00e6lp af nedenst\u00e5ende muligheder, og vores dedikerede team vil svare p\u00e5 dine foresp\u00f8rgsler med det samme. Home T\u00f8v ikke med at tage kontakt. Vi vil med gl\u00e6de svare Udfyld formularen, og opdag dine muligheder gratis. 1. Indsendelse af foresp\u00f8rgsel Indsend din foresp\u00f8rgsel p\u00e5 [&hellip;]","og_url":"https:\/\/arbasecurity.com\/da\/sider\/form-moderne\/","og_site_name":"Arba Security","article_modified_time":"2025-02-27T19:10:11+00:00","twitter_card":"summary_large_image","twitter_misc":{"Estimeret l\u00e6setid":"1 minut"},"schema":{"@context":"https:\/\/schema.org","@graph":[{"@type":"WebPage","@id":"https:\/\/arbasecurity.com\/da\/sider\/form-moderne\/","url":"https:\/\/arbasecurity.com\/da\/sider\/form-moderne\/","name":"Form Moderne - Arba Security","isPartOf":{"@id":"https:\/\/34.244.239.21\/#website"},"datePublished":"2024-01-11T11:29:11+00:00","dateModified":"2025-02-27T19:10:11+00:00","breadcrumb":{"@id":"https:\/\/arbasecurity.com\/da\/sider\/form-moderne\/#breadcrumb"},"inLanguage":"da-DK","potentialAction":[{"@type":"ReadAction","target":["https:\/\/arbasecurity.com\/da\/sider\/form-moderne\/"]}]},{"@type":"BreadcrumbList","@id":"https:\/\/arbasecurity.com\/da\/sider\/form-moderne\/#breadcrumb","itemListElement":[{"@type":"ListItem","position":1,"name":"Home","item":"https:\/\/arbasecurity.com\/da\/"},{"@type":"ListItem","position":2,"name":"Sider","item":"https:\/\/arbasecurity.com\/da\/sider\/"},{"@type":"ListItem","position":3,"name":"Form Moderne"}]},{"@type":"WebSite","@id":"https:\/\/34.244.239.21\/#website","url":"https:\/\/34.244.239.21\/","name":"Arba Security","description":"","publisher":{"@id":"https:\/\/34.244.239.21\/#organization"},"potentialAction":[{"@type":"SearchAction","target":{"@type":"EntryPoint","urlTemplate":"https:\/\/34.244.239.21\/?s={search_term_string}"},"query-input":{"@type":"PropertyValueSpecification","valueRequired":true,"valueName":"search_term_string"}}],"inLanguage":"da-DK"},{"@type":"Organization","@id":"https:\/\/34.244.239.21\/#organization","name":"Arba Security","url":"https:\/\/34.244.239.21\/","logo":{"@type":"ImageObject","inLanguage":"da-DK","@id":"https:\/\/34.244.239.21\/#\/schema\/logo\/image\/","url":"https:\/\/arbasecurity.com\/wp-content\/uploads\/2023\/11\/site-logo.png","contentUrl":"https:\/\/arbasecurity.com\/wp-content\/uploads\/2023\/11\/site-logo.png","width":350,"height":121,"caption":"Arba Security"},"image":{"@id":"https:\/\/34.244.239.21\/#\/schema\/logo\/image\/"}}]}},"_links":{"self":[{"href":"https:\/\/arbasecurity.com\/da\/wp-json\/wp\/v2\/pages\/25739","targetHints":{"allow":["GET"]}}],"collection":[{"href":"https:\/\/arbasecurity.com\/da\/wp-json\/wp\/v2\/pages"}],"about":[{"href":"https:\/\/arbasecurity.com\/da\/wp-json\/wp\/v2\/types\/page"}],"author":[{"embeddable":true,"href":"https:\/\/arbasecurity.com\/da\/wp-json\/wp\/v2\/users\/1"}],"replies":[{"embeddable":true,"href":"https:\/\/arbasecurity.com\/da\/wp-json\/wp\/v2\/comments?post=25739"}],"version-history":[{"count":1,"href":"https:\/\/arbasecurity.com\/da\/wp-json\/wp\/v2\/pages\/25739\/revisions"}],"predecessor-version":[{"id":25740,"href":"https:\/\/arbasecurity.com\/da\/wp-json\/wp\/v2\/pages\/25739\/revisions\/25740"}],"up":[{"embeddable":true,"href":"https:\/\/arbasecurity.com\/da\/wp-json\/wp\/v2\/pages\/25734"}],"wp:attachment":[{"href":"https:\/\/arbasecurity.com\/da\/wp-json\/wp\/v2\/media?parent=25739"}],"curies":[{"name":"wp","href":"https:\/\/api.w.org\/{rel}","templated":true}]}}